{"id":33,"date":"2021-10-05T12:06:50","date_gmt":"2021-10-05T12:06:50","guid":{"rendered":"https:\/\/la-moe.ch\/?post_type=product&#038;p=33"},"modified":"2021-10-14T15:48:50","modified_gmt":"2021-10-14T15:48:50","slug":"lifting-serum","status":"publish","type":"product","link":"https:\/\/la-moe.ch\/it\/prodotto\/lifting-serum\/","title":{"rendered":"Lifting Serum"},"content":{"rendered":"<p style=\"text-align: left;\">Ingredients:<\/p>\n<p style=\"text-align: left;\">AQUA (WATER), PENTYLENE GLYCOL, POLYSORBATE 20, GLYCERIN, PHENOXYETHANOL, ACACIA SENEGAL GUM, SODIUM CARBOMER, SODIUM HYALURONATE, HYDROLYZED RHIZOBIAN GUM, ALCOHOL, ETHYLHEXYLGLYCERIN, PARFUM (FRAGRANCE), GLYCINE, PANTHENOL,SODIUM HYALURONATE CROSSPOLYMER, GLYCOSPHINGOLIPIDS, HORDEUM VULGARE EXTRACT, SODIUM CHLORIDE, HYDROXYACETOPHENONE, ALANINE, ARGININE HCL, ASPARTIC ACID, GLUTAMIC ACID, LEUCINE, LYSINE HYDROCHLORIDE, PEG-400, VALINE, CITRIC ACID, GLUCOSE, ISOPROPYL ALCOHOL, MANNITOL, SODIUM LACTATE, SORBITOL, TROMETHAMINE, GOLD, BIS(TRIPEPTIDE-1) COPPER ACETATE, HISTIDINE HYDROCHLORIDE, HYDROLYZED SOY PROTEIN, ISOLEUCINE, PHENYLALANINE, TYROSINE, SODIUM SULFATE, CI 47005 (ACID YELLOW 3), CI 42090 (FD&amp;C BLUE NO.1), CI 77820, CI 77400, CI 14720 (ACID RED 14)<\/p>","protected":false},"excerpt":{"rendered":"<p><strong>LA MO\u00c9 Lifting Serum<\/strong><\/p>\n<p>Inhalt in ml: 30 ml<\/p>\n<p>Peso:<\/p>\n<p>Descrizione:<\/p>\n<p>Siero leggero con lussuose scaglie di foglie d'oro e un complesso di acido ialuronico, estratto d'orzo e glicosfingolipidi, che ha propriet\u00e0 idratanti e una tecnologia innovativa che blocca l'umidit\u00e0 nella pelle per molte ore. L'uso regolare pu\u00f2 ridurre visibilmente le rughe e restringere i pori. Con un complesso di principi attivi di aminoacidi, spazzini di radicali e peptidi, il siero attiva il metabolismo cellulare e riduce cos\u00ec l'invecchiamento prematuro della pelle. Il biopolimero contenuto nel siero ha un effetto immediato tangibile e visibile sulla pelle. Vegano.<\/p>\n<p>Anwendung: Morgens und\/oder abends auf die gereinigte und tonisierte Haut auftragen.<\/p>","protected":false},"featured_media":48,"template":"","meta":[],"product_brand":[],"product_cat":[16],"product_tag":[],"class_list":{"0":"post-33","1":"product","2":"type-product","3":"status-publish","4":"has-post-thumbnail","6":"product_cat-la-moe","8":"first","9":"instock","10":"taxable","11":"shipping-taxable","12":"purchasable","13":"product-type-simple"},"_links":{"self":[{"href":"https:\/\/la-moe.ch\/it\/wp-json\/wp\/v2\/product\/33","targetHints":{"allow":["GET"]}}],"collection":[{"href":"https:\/\/la-moe.ch\/it\/wp-json\/wp\/v2\/product"}],"about":[{"href":"https:\/\/la-moe.ch\/it\/wp-json\/wp\/v2\/types\/product"}],"wp:featuredmedia":[{"embeddable":true,"href":"https:\/\/la-moe.ch\/it\/wp-json\/wp\/v2\/media\/48"}],"wp:attachment":[{"href":"https:\/\/la-moe.ch\/it\/wp-json\/wp\/v2\/media?parent=33"}],"wp:term":[{"taxonomy":"product_brand","embeddable":true,"href":"https:\/\/la-moe.ch\/it\/wp-json\/wp\/v2\/product_brand?post=33"},{"taxonomy":"product_cat","embeddable":true,"href":"https:\/\/la-moe.ch\/it\/wp-json\/wp\/v2\/product_cat?post=33"},{"taxonomy":"product_tag","embeddable":true,"href":"https:\/\/la-moe.ch\/it\/wp-json\/wp\/v2\/product_tag?post=33"}],"curies":[{"name":"wp","href":"https:\/\/api.w.org\/{rel}","templated":true}]}}