{"id":37,"date":"2021-10-05T12:20:17","date_gmt":"2021-10-05T12:20:17","guid":{"rendered":"https:\/\/la-moe.ch\/?post_type=product&#038;p=37"},"modified":"2021-10-14T15:48:12","modified_gmt":"2021-10-14T15:48:12","slug":"creme-de-nuit","status":"publish","type":"product","link":"https:\/\/la-moe.ch\/fr\/produit\/creme-de-nuit\/","title":{"rendered":"Creme de nuit"},"content":{"rendered":"<p>Ingredients:<\/p>\n<p>AQUA (WATER), PRUNUS AMYGDALUS DULCIS (SWEET ALMOND) OIL, HELIANTHUS ANNUUS (SUNFLOWER) SEED OIL, GLYCERIN, BUTYROSPERMUM PARKII (SHEA) BUTTER, GLYCERYL STEARATE,<\/p>\n<p>PRUNUS ARMENIACA (APRICOT) KERNEL OIL, CERA ALBA (BEESWAX), CETEARYL ALCOHOL, GLYCERYL STEARATE CITRATE, DISTARCH PHOSPHATE, PHENOXYETHANOL, AMMONIUM ACRYLOYLDIMETHYLTAURATE\/VP COPOLYMER, PARFUM (FRAGRANCE), PROPYLENE GLYCOL, XANTHAN GUM, CAPRYLIC\/CAPRIC TRIGLYCERIDE, SODIUM CARBOMER, ALCOHOL, TOCOPHEROL, ETHYLHEXYLGLYCERIN, GLYCINE, PANTHENOL, POLYSORBATE 20, GLYCOSPHINGOLIPIDS, HORDEUM VULGARE EXTRACT, HYDROXYPROPYL CYCLODEXTRIN, ALANINE, ARGININE HCL, ASPARTIC ACID, GLUTAMIC ACID, LEUCINE, LYSINE HYDROCHLORIDE, PEG-400, VALINE, SODIUM HYALURONATE, CAVIAR EXTRACT, CITRIC ACID, GERANYLGERANYLISOPROPANOL, GLUCOSE, ISOPROPYL ALCOHOL, MANNITOL, SODIUM LACTATE, SORBITOL, TROMETHAMINE, RETINOL, BIS(TRIPEPTIDE-1) COPPER ACETATE, HISTIDINE HYDROCHLORIDE, HYDROLYZED SOY PROTEIN, ISOLEUCINE, PHENYLALANINE, TYROSINE, SODIUM METABISULFITE, BHT<\/p>","protected":false},"excerpt":{"rendered":"<p><strong>LA MO\u00c9 Nachtcreme<\/strong><\/p>\n<p>Contenu en ml : 50 ml<\/p>\n<p>Poids :<\/p>\n<p>&nbsp;<\/p>\n<p>Description :<\/p>\n<p>Cr\u00e8me de nuit riche avec une substance active anti-\u00e2ge imbattable, le g\u00e9ranylg\u00e9ranylpropanol, qui agit de mani\u00e8re cibl\u00e9e contre le vieillissement de la peau. Il stimule \u00e9galement la synth\u00e8se du collag\u00e8ne et de l'hyaluron et prot\u00e8ge la membrane cellulaire contre le stress oxydatif. La cr\u00e8me de nuit contient un complexe de substances actives compos\u00e9 d'acides amin\u00e9s, de capteurs de radicaux et de peptides, qui poss\u00e8de des propri\u00e9t\u00e9s hydratantes, active le m\u00e9tabolisme cellulaire et r\u00e9duit le vieillissement pr\u00e9matur\u00e9 de la peau.<\/p>\n<p>Anwendung: F\u00fcr ein optimales Ergebnis t\u00e4glich abends auf die gereinigte Haut von Gesicht und Hals auftragen.<\/p>","protected":false},"featured_media":45,"template":"","meta":[],"product_brand":[],"product_cat":[16],"product_tag":[],"class_list":{"0":"post-37","1":"product","2":"type-product","3":"status-publish","4":"has-post-thumbnail","6":"product_cat-la-moe","8":"first","9":"instock","10":"taxable","11":"shipping-taxable","12":"purchasable","13":"product-type-simple"},"_links":{"self":[{"href":"https:\/\/la-moe.ch\/fr\/wp-json\/wp\/v2\/product\/37","targetHints":{"allow":["GET"]}}],"collection":[{"href":"https:\/\/la-moe.ch\/fr\/wp-json\/wp\/v2\/product"}],"about":[{"href":"https:\/\/la-moe.ch\/fr\/wp-json\/wp\/v2\/types\/product"}],"wp:featuredmedia":[{"embeddable":true,"href":"https:\/\/la-moe.ch\/fr\/wp-json\/wp\/v2\/media\/45"}],"wp:attachment":[{"href":"https:\/\/la-moe.ch\/fr\/wp-json\/wp\/v2\/media?parent=37"}],"wp:term":[{"taxonomy":"product_brand","embeddable":true,"href":"https:\/\/la-moe.ch\/fr\/wp-json\/wp\/v2\/product_brand?post=37"},{"taxonomy":"product_cat","embeddable":true,"href":"https:\/\/la-moe.ch\/fr\/wp-json\/wp\/v2\/product_cat?post=37"},{"taxonomy":"product_tag","embeddable":true,"href":"https:\/\/la-moe.ch\/fr\/wp-json\/wp\/v2\/product_tag?post=37"}],"curies":[{"name":"wp","href":"https:\/\/api.w.org\/{rel}","templated":true}]}}