{"id":32,"date":"2021-12-09T14:03:22","date_gmt":"2021-12-09T14:03:22","guid":{"rendered":"https:\/\/la-moe.ch\/?page_id=32"},"modified":"2021-12-09T14:06:20","modified_gmt":"2021-12-09T14:06:20","slug":"rueckerstattung_rueckgaben","status":"publish","type":"page","link":"https:\/\/la-moe.ch\/en\/rueckerstattung_rueckgaben\/","title":{"rendered":"AGB&#8217;S"},"content":{"rendered":"<div data-elementor-type=\"wp-page\" data-elementor-id=\"32\" class=\"elementor elementor-32\" data-elementor-post-type=\"page\">\n\t\t\t\t\t\t<section class=\"elementor-section elementor-top-section elementor-element elementor-element-3de8248b elementor-section-boxed elementor-section-height-default elementor-section-height-default\" data-id=\"3de8248b\" data-element_type=\"section\" data-e-type=\"section\">\n\t\t\t\t\t\t<div class=\"elementor-container elementor-column-gap-default\">\n\t\t\t\t\t<div class=\"elementor-column elementor-col-100 elementor-top-column elementor-element elementor-element-5164b49b\" data-id=\"5164b49b\" data-element_type=\"column\" data-e-type=\"column\">\n\t\t\t<div class=\"elementor-widget-wrap elementor-element-populated\">\n\t\t\t\t\t\t<div class=\"elementor-element elementor-element-b783939 elementor-widget elementor-widget-text-editor\" data-id=\"b783939\" data-element_type=\"widget\" data-e-type=\"widget\" data-widget_type=\"text-editor.default\">\n\t\t\t\t<div class=\"elementor-widget-container\">\n\t\t\t\t\t\t\t\t\t\n<p><strong>Allgemeine Gesch\u00e4ftsedingungen <\/strong><\/p>\n<p><strong>Onlineshop www.la-mo\u00e9.ch<\/strong><\/p>\n<ul>\n<li><strong> 1 Geltungsbereich und Nutzungsbedingungen<\/strong><\/li>\n<\/ul>\n<ol>\n<li>Diese allgemeinen Gesch\u00e4ftsbedingungen (AGB) regeln einzig die Vertragsverh\u00e4ltnisse zwischen der Marigona Moe GmbH, schweizerische Handelsregisternummer CHE-180.759.440, domiziliert an der Industriestrasse 21, in 9450 Altst\u00e4tten (SG), Schweiz (nachfolgend \u201eVerk\u00e4uferin\u201c genannt) und ihren Kunden (nachfolgend \u201eKunde\u201c oder \u201eK\u00e4ufer\u201c genannt) f\u00fcr die auf der Website www.la-mo\u00e9.ch (nachfolgend \u201eLa Mo\u00e9\u201c genannt) \u00a0angebotenen Produkte.<\/li>\n<li>Von den vorstehenden AGB erfasst sind einzig die \u00fcber den Onlineshop von La Mo\u00e9 \u00a0verkauften Waren.<\/li>\n<li>Diese AGB regeln ausschliesslich das Vertragsverh\u00e4ltnis zwischen der Verk\u00e4uferin und ihren Kunden im vorstehenden Sinne. Entgegenstehende oder von diesen AGB abweichende Vertragsbedingungen des Kunden werden nicht anerkannt, es sei denn, die Verk\u00e4uferin hat diesen im Einzelfall ausdr\u00fccklich schriftlich zugestimmt.<\/li>\n<li>Die vorliegenden Bestimmungen gelten sowohl gegen\u00fcber nat\u00fcrlichen Personen und Verbrauchern als auch juristischen Personen. Als Verbraucher gilt jede nat\u00fcrliche Person, welche die Bestellung zu Zwecken vornimmt, die weder ihrer gewerblichen noch ihrer selbst\u00e4ndigen beruflichen T\u00e4tigkeit, sondern ihren privaten Bed\u00fcrfnissen zugerechnet werden kann und den \u00fcblichen Verbrauch nicht \u00fcbersteigen.<\/li>\n<li>Die Verk\u00e4uferin kann die AGB jederzeit nach eigenem Ermessen erg\u00e4nzen oder \u00e4ndern. Es gilt die jeweilige (genehmigte) Fassung zum Zeitpunkt des Absendens einer Offerte des Kunden (siehe \u00a7 3 Ziffer 1).<\/li>\n<li>F\u00fcr die Nutzung unserer Angebote verpflichtet sich der Kunde zu wahrheitsgem\u00e4ssen und vollst\u00e4ndigen Angaben im Rahmen des Bestellvorgangs. Sollte dies seitens eines Kunden nicht eingehalten werden, beh\u00e4lt die Verk\u00e4uferin sich ausdr\u00fccklich das Recht vor, Bestellungen eines Kunden abzulehnen. Ferner \u00fcbernimmt die Verk\u00e4uferin keine Haftung f\u00fcr falsche Angaben des Kunden \u00fcber den Internetshop von La Mo\u00e9.<\/li>\n<li>Die Verk\u00e4uferin liefert grunds\u00e4tzlich innerhalb der Schweiz, Liechtenstein und der EU. Das Angebot richtet sich daher grunds\u00e4tzlich nur an Personen\/Gesellschaften mit Wohnsitz\/Sitz in diesem Gebiet: Bei Kunden ausserhalb dieses Gebietes erfolgt ein allf\u00e4lliger Vertragsabschluss bzw. eine Lieferung erst nach vorg\u00e4ngiger Zustimmung seitens der Verk\u00e4uferin auf Anfrage des Kunden. Der Kunde hat diesbez\u00fcglich das Kontaktformular \u00fcber die Website der Verk\u00e4uferin zu verwenden bzw. die Verk\u00e4uferin \u00fcber <a href=\"mailto:contact@baqless.com\">info<\/a>@lamo\u00e9.ch zu kontaktieren.<\/li>\n<li>Im \u00dcbrigen wird auf das separate Impressum sowie die separate Datenschutzbestimmung auf LaMo\u00e9 verwiesen.<\/li>\n<\/ol>\n<ul>\n<li><strong> 2 Vertragsgegenstand<\/strong><\/li>\n<\/ul>\n<ol>\n<li>Vertragsgegenstand bilden die durch den Kunden \u00fcber den Onlineshop auf LaMo\u00e9 angebotenen und zu kaufenden Artikel.<\/li>\n<li>Die auf der Webseite dargestellten Produktbilder, insbesondere die abgebildeten Farben, k\u00f6nnen aus technischen Gr\u00fcnden vom Originalprodukt<\/li>\n<li>Die auf der Website enthaltenen Fotos dienen einzig und unverbindlich zu Anschauungszwecken, sie stellen kein verbindliches Angebot dar und es k\u00f6nnen daraus keine zugesicherten Kaufeigenschaften abgeleitet werden.<\/li>\n<\/ol>\n<ul>\n<li><strong> 3<\/strong><strong> Zustandekommen des Vertrages<\/strong><\/li>\n<\/ul>\n<ol>\n<li>Bei der Bestellung im Online-Shop k\u00f6nnen die Kunden die Produkte durch Anklicken des Produktbildes auf der Produkt\u00fcbersicht genauer ansehen und diese \u00fcber den Link \u201ekaufen\u201c in den Warenkorb legen. Der Inhalt des Warenkorbs ist jederzeit einsehbar durch Anklicken des Links \u201eWarenkorb\u201c oben rechts in der Bildanzeige des Onlineshops (siehe entsprechendes Bildsymbol). Die ausgew\u00e4hlten und im Warenkorb einsehbaren Produkte k\u00f6nnen durch Anklicken des Buttons \u201ezur Kasse\u201c kostenpflichtig bestellt werden: So gelangt der Kunde zur Kasse. An der Kasse kann der Kunde nach Eingabe der in der Eingabemaske verlangten pers\u00f6nlichen Informationen (Personalien) sowie der Versandart (mithin Angabe der Lieferadresse) \u00fcber den Knopf\/Button \u201ekostenpflichtig bestellen\u201c seine zuvor ausgew\u00e4hlten Produkte direkt bezahlen bzw. die Bestellung an die Verk\u00e4uferin senden. Mit der Bestellung gibt der Kunde ein verbindliches Angebot auf Abschluss eines Kaufvertrages ab.<\/li>\n<li>Nach Bestellung der gew\u00fcnschten Produkte erh\u00e4lt der Kunde auf seine angegebene E-Mail-Adresse eine Bestellbest\u00e4tigung mit den relevanten Informationen. Diese automatisch generierte Bestellbest\u00e4tigungs-E-Mail stellt noch keine Annahme des Angebots dar, sondern dokumentiert lediglich, dass die Verk\u00e4uferin die Bestellung erhalten hat. Die Verk\u00e4uferin kann folglich auch nach diesem Zeitpunkt frei entscheiden, ob sie die Bestellung annehmen will oder nicht. Ausnahmsweise (bspw. bei Produktionsproblemen) kann die Verk\u00e4uferin auch in diesem Stadium vom Verkaufsgesch\u00e4ft zur\u00fccktreten, wor\u00fcber sie den K\u00e4ufer umgehend \u00fcber die angegeben E-Mailadresse informiert und anschliessend zeitnah die R\u00fcckzahlung des Kaufpreises ausl\u00f6st, vgl. nachstehende Ziff. 5.<\/li>\n<li>Die Annahme des Angebots bzw. der Abschluss des Kaufvertrages erfolgt schliesslich durch elektronische Zustellung einer separaten Auftrags-\/Versandbest\u00e4tigung seitens der Verk\u00e4uferin auf die angegebene E-Mailadresse des Kunden.<\/li>\n<li>Das bestellte Produkt wird in jedem Fall erst nach erfolgter Zahlung versendet (Zahlung mit Kreditkarte, TWINT oder PayPal-Zahlung, siehe nachstehend).<\/li>\n<li>Die Verk\u00e4uferin ist berechtigt, auch nach Vertragsschluss und nach Zahlung des Kaufpreises vom Vertrag zur\u00fcckzutreten, soweit sie die bestellten Waren, aus diversen Gr\u00fcnden, nicht liefern kann. Die Verk\u00e4uferin wird den Kunden diesfalls unverz\u00fcglich \u00fcber die Nichtverf\u00fcgbarkeit der gew\u00fcnschten Produkte informieren und diesem bereits bezahlte Betr\u00e4ge innerhalb von 30 Tagen zur\u00fcckerstatten. Die Verk\u00e4uferin beh\u00e4lt sich f\u00fcr diesen Fall vor, eine preislich und qualitativ gleichwertige Ware anzubieten mit dem Ziel, einen neuen Vertrag \u00fcber den Kauf der preislich und qualitativ gleichen Ware abzuschliessen.<\/li>\n<\/ol>\n<ul>\n<li><strong> 4 Speicherung des Vertragstextes \/ Registrierung<\/strong><\/li>\n<\/ul>\n<ol>\n<li>Die Verk\u00e4uferin speichert die durch den Kunden in vorgenannter Weise abgeschickte Bestellung und die eingegebenen Bestelldaten im Rahmen des Bestellvorgangs: Es handelt sich hierbei um die Personalangaben wie Name, Wohnadresse bzw. Gesch\u00e4ftsadresse und Lieferadresse. Bestehende Kunden erhalten die M\u00f6glichkeit, sich \u2013 unter Angabe der vorgenannten Informationen &#8211; als Kunden registrieren zu lassen.<\/li>\n<\/ol>\n<ul>\n<li><strong> 5 Preise und Steuern<\/strong><\/li>\n<\/ul>\n<ol>\n<li>S\u00e4mtliche Preise werden in CHF ausgewiesen; allf\u00e4llige Steuern werden separat ausgewiesen.<\/li>\n<li>Die Versandgeb\u00fchren entsprechen den Preisangaben in der Kasse und k\u00f6nnen je nach Auslieferungsort variieren.<\/li>\n<li>Preis\u00e4nderungen und Preisirrt\u00fcmer bleiben vorbehalten.<\/li>\n<\/ol>\n<ul>\n<li><strong> 6 Zahlungs- und Versandbedingungen<\/strong><\/li>\n<\/ul>\n<ol>\n<li>Die Kaufware ist im Voraus per Kreditkarte (VISA, MasterCard, TWINT) oder via Pay Pal durch den Kunden im Rahmen des Bestellprozesses zu bezahlen. Bei Zahlung per Paypal \/ TWINT wird der Kunde direkt aus dem Bestellvorgang auf die entsprechenden Zahlungsseiten geleitet und die Zahlung wird unmittelbar vorgenommen.<\/li>\n<li>Der Versand erfolgt erst nach Zahlungseingang bei der Verk\u00e4uferin. Im \u00dcbrigen gilt vorstehende \u00a7 3 Ziff. 5.<\/li>\n<li>Der Versand erfolgt innerhalb Schweiz, Liechtenstein und der EU. Es werden daher grunds\u00e4tzlich nur Bestellungen von K\u00e4ufern mit Wohnsitz\/Sitz aus diesen L\u00e4ndern angenommen. K\u00e4ufer ausserhalb dieser L\u00e4nder k\u00f6nnen Ihren Kaufwunsch derzeit \u00fcber das Kontaktformular bzw. \u00fcber die E-Mail-Adresse <a href=\"mailto:info@lamo%C3%A9.ch\">info@lamo\u00e9.ch<\/a> \u00e4ussern und mit der Verk\u00e4uferin so Kontakt aufnehmen. Die Verk\u00e4uferin wird diesfalls \u2013 ohne entsprechende Zusicherungen &#8211; im Einzelfall abkl\u00e4ren und mit dem Kunden vereinbaren, ob und zu welchen Modalit\u00e4ten ein Kaufgesch\u00e4ft sowie der Versand von Waren ausserhalb des \u00fcblichen Liefergebietes m\u00f6glich ist.<\/li>\n<li>Der Versand erfolgt in jedem Fall ausschliesslich nach Zahlungseingang bei der Verk\u00e4uferin sowie auf Gefahr des Kunden. Der Versand erfolgt in der Schweiz mit der schweizerischen Post, und in den restlichen Liefergebieten mit den im Bestellvorgang ausgewiesenen Sendeunternehmen.<\/li>\n<li>F\u00fcr spezielle Versandanweisungen ist die Verk\u00e4uferin unter <a href=\"mailto:info@lamo%C3%A9.ch\">info@lamo\u00e9.ch<\/a> zu kontaktieren.<\/li>\n<li>Die Gefahr an der Verkaufssache geht mit der Abgabe der Ware an das Sendeunternehmen auf den Kunden \u00fcber.<\/li>\n<\/ol>\n<ul>\n<li><strong> 7 Versanddauer<\/strong><\/li>\n<\/ul>\n<ol>\n<li>Die erwartete Versanddauer wird jeweils in der separaten Versandbest\u00e4tigung der Verk\u00e4uferin angegeben, dies ohne Gew\u00e4hr und ohne Ableitung von Anspr\u00fcchen f\u00fcr den Kunden.<\/li>\n<li>Sollte die bestellten Waren nach Erhalt der Bestellung durch den Kunden bzw. nach deren Erhalt der Bestellbest\u00e4tigung nicht oder nicht mehr verf\u00fcgbar sein, wird der Kunde dar\u00fcber unverz\u00fcglich informiert. Teillieferungen sind die Ausnahme, aber gestattet.<\/li>\n<\/ol>\n<ul>\n<li><strong> 8 Widerruf, Gew\u00e4hrleistung und Haftung<\/strong><\/li>\n<\/ul>\n<ol>\n<li>Da es sich um hochwertige Kosmetikaprodukte handelt, ist jegliche Gew\u00e4hrleistung mit der \u00d6ffnung eines Produktes ausgeschlossen. Ebenso besteht kein Widerrufsrecht des Kunden.<\/li>\n<li>Jegliche Haftung fu\u0308r Dritt- bzw. Folgesch\u00e4den sowie fu\u0308r einen Verlust des gekauften Produktes ist ausgeschlossen. Die Verk\u00e4uferin haftet nicht f\u00fcr fahrl\u00e4ssig verursachte Sch\u00e4den.<\/li>\n<li>Die Verk\u00e4uferin ist nicht verantwortlich f\u00fcr die fehlerfreie und\/oder st\u00e4ndig verf\u00fcgbare Daten-kommunikation \u00fcber das Internet, auch nicht f\u00fcr die fehlerfreie und ununterbrochene Verf\u00fcgbarkeit des Online-Shops. F\u00fcr w\u00e4hrend eines Bestellvorgangs auftretende technische und\/oder elektronische Fehler ist sie nicht haftbar.<\/li>\n<\/ol>\n<ul>\n<li><strong> 9 Eigentumsvorbehalt<\/strong><\/li>\n<\/ul>\n<ol>\n<li>Eine allenfalls vor der vollst\u00e4ndigen Bezahlung gelieferte Ware bleibt bis zur vollst\u00e4ndigen Bezahlung im Eigentum der Verk\u00e4uferin.<\/li>\n<\/ol>\n<ul>\n<li><strong> 10 Datenschutz<\/strong><\/li>\n<\/ul>\n<ol>\n<li>Die Daten, die f\u00fcr die Nutzung von LaMo\u00e9 n\u00f6tig sind, werden vertraulich behandelt. Zudem sch\u00fctzt die Anbieterin die Interessen und Privatsph\u00e4re der Nutzerinnen und Nutzer.<\/li>\n<li>Die Nutzerinnen und Nutzer bzw. die K\u00e4ufer willigen mit der Verwendung der Plattform ausdr\u00fccklich ein, dass Daten unter Einhaltung der anwendbaren Datenschutzbestimmungen auf dem ausl\u00e4ndischen Providern der Anbieterin (in den Niederlanden) gespeichert werden. Sowohl Anfragen wie Antworten werden direkt auf dem Server deponiert und sind nur mittels Identifikation zug\u00e4nglich. Der Nutzer erkl\u00e4rt sich mit dieser Kommunikation ausdr\u00fccklich einverstanden. Zudem willigt der Nutzer ein, dass die \u00fcbrige Korrespondenz mittels ungesicherten E-Mails erfolgt. Die Anbieterin bem\u00fcht sich, die Datenbanken mit allen sinnvollen Mitteln vor fremden Zugriffen, Verlusten, Missbrauch oder vor F\u00e4lschung zu sch\u00fctzen. Beim Besuch der Internetseite der Anbieterin registrieren die Webserver unpers\u00f6nliche Nutzungsdaten. Die Logfiles geben Auskunft \u00fcber die IP-Adresse der Kunden, die zuletzt besuchte Seite, den verwendeten Browser, Datum, Uhrzeit und die angeforderte Datei. Die Anbieterin beh\u00e4lt sich die hausinterne Auswertung dieser Daten aus, um Trends zu erkennen, Statistiken zu erstellen und unser Online-Angebot zu verbessern. Gleichzeitig achtet sie darauf, dass Nutzungsdaten nicht mit pers\u00f6nlichen Daten verkn\u00fcpft werden. Wenn die Kunden sich entscheiden, die Anbieterin im Zusammenhang mit Anfragen oder auf anderem Weg zus\u00e4tzlich Daten zu \u00fcberlassen, behandelt die Anbieterin diese Informationen gem\u00e4ss geltendem Datenschutzgesetz.<\/li>\n<li>Die vorgenannte Plattform der Anbieterin verpflichtet sich, personenbezogene Daten sorgf\u00e4ltig und ausschliesslich f\u00fcr die angezeigten Zwecke zu verwenden. Der Nutzer willigt ein, dass die Angaben, die bei der Benutzung der Systeme macht, von den Mitarbeitern der Anbieterin und von den Betreibern der Plattform eingesehen und bearbeitet werden k\u00f6nnen. Man unterscheidet zwischen Cookies, die nur so lange aktiv sind, wie der Browser ge\u00f6ffnet ist, und solchen, die dauerhaft auf der Harddisk gespeichert werden. Permanente Cookies sind laut Datenschutzgesetz nur zul\u00e4ssig, wenn die Nutzenden ihre Einwilligung zur Verwendung erteilen. Die Anbieterin respektiert diesen Grundsatz und \u00fcberl\u00e4sst den Kunden die Wahl, ob sie mit permanenten Cookies arbeiten m\u00f6chten oder nicht. Die Anbieterin macht die Kunden aber darauf aufmerksam, dass der Zugang nur mit eingeschalteten Cookies m\u00f6glich ist. Diese auf der Harddisk gespeicherten Textfiles enthalten keine pers\u00f6nlichen Daten. Wie man Cookies ausschaltet respektive deren Annahme verweigert, kann den Hilfeseiten des Browers entnommen werden.<\/li>\n<\/ol>\n<ul>\n<li><strong> 11 Urheberrechte<\/strong><\/li>\n<\/ul>\n<ol>\n<li>An s\u00e4mtlichen auf der vorgenannten Internetplattform dargestellten Bildmotiven \u00fcber die zu verkaufenden Produkte hat entweder die Verk\u00e4uferin bzw. Urheberrechte. Eine Verwendung dieser Werke durch Dritte darf einzig mit der schriftlichen Zustimmung der Verk\u00e4uferin erfolgen.<\/li>\n<\/ol>\n<ul>\n<li><strong> 12 Schlussbestimmungen<\/strong><\/li>\n<\/ul>\n<ol>\n<li>F\u00fcr s\u00e4mtliche Gesch\u00e4fte im Zusammenhang mit den vorliegenden Gesch\u00e4ftsbedingungen gilt ausschliesslich schweizerisches Recht unter Ausschluss des \u00dcbereinkommens der Vereinten Nationen \u00fcber Vertr\u00e4ge \u00fcber den internationalen Warenkauf (CISG). Zwingende Bestimmungen des Landes des gew\u00f6hnlichen Aufenthalts des Kunden, mithin die zwingend anzuwendenden Bestimmungen f\u00fcr private Verbraucher, bleiben \u2013 soweit zwingend und nicht abdingbar &#8211; unber\u00fchrt.<\/li>\n<li>Gerichtsstand f\u00fcr Streitigkeiten aus dem vorliegenden Vertragsverh\u00e4ltnis \u2013 vorbeh\u00e4ltlich abweichender zwingender Gerichtsst\u00e4nde \u2013 sind die am Gesch\u00e4ftssitz der Verk\u00e4uferin zust\u00e4ndigen Gerichte in der Schweiz.<\/li>\n<li>Sollten eine oder mehrere Klauseln dieser Gesch\u00e4ftsbedingungen ganz oder teilweise unwirksam sein, so ist hierdurch die G\u00fcltigkeit der \u00fcbrigen Vertragsbestimmungen nicht ber\u00fchrt und diese Vertragsteile bleiben g\u00fcltig. Die einzelne unwirksame oder nichtige Bestimmung ist diesfalls durch eine neue, gesetzlich zul\u00e4ssige Bestimmung zu ersetzen, die in ihrer wirtschaftlichen Auswirkung der unwirksamen oder nichtigen Bestimmung m\u00f6glichst nahekommt. Sollte eine unwirksame Vertragsklausel nicht nachtr\u00e4glich korrigiert werden, tritt an ihre Stelle sinngem\u00e4ss eine einschl\u00e4gige gesetzliche Bestimmung.<\/li>\n<\/ol>\n\t\t\t\t\t\t\t\t<\/div>\n\t\t\t\t<\/div>\n\t\t\t\t\t<\/div>\n\t\t<\/div>\n\t\t\t\t\t<\/div>\n\t\t<\/section>\n\t\t\t\t<\/div>","protected":false},"excerpt":{"rendered":"<p>Allgemeine Gesch\u00e4ftsedingungen Onlineshop www.la-mo\u00e9.ch 1 Geltungsbereich und Nutzungsbedingungen Diese allgemeinen Gesch\u00e4ftsbedingungen (AGB) regeln einzig die Vertragsverh\u00e4ltnisse zwischen der Marigona Moe GmbH, schweizerische Handelsregisternummer CHE-180.759.440, domiziliert an der Industriestrasse 21, in 9450 Altst\u00e4tten (SG), Schweiz (nachfolgend \u201eVerk\u00e4uferin\u201c genannt) und ihren Kunden (nachfolgend \u201eKunde\u201c oder \u201eK\u00e4ufer\u201c genannt) f\u00fcr die auf der Website www.la-mo\u00e9.ch (nachfolgend \u201eLa Mo\u00e9\u201c genannt) [&hellip;]<\/p>\n","protected":false},"author":1,"featured_media":0,"parent":0,"menu_order":0,"comment_status":"closed","ping_status":"closed","template":"elementor_canvas","meta":{"footnotes":""},"class_list":["post-32","page","type-page","status-publish","hentry"],"_links":{"self":[{"href":"https:\/\/la-moe.ch\/en\/wp-json\/wp\/v2\/pages\/32","targetHints":{"allow":["GET"]}}],"collection":[{"href":"https:\/\/la-moe.ch\/en\/wp-json\/wp\/v2\/pages"}],"about":[{"href":"https:\/\/la-moe.ch\/en\/wp-json\/wp\/v2\/types\/page"}],"author":[{"embeddable":true,"href":"https:\/\/la-moe.ch\/en\/wp-json\/wp\/v2\/users\/1"}],"replies":[{"embeddable":true,"href":"https:\/\/la-moe.ch\/en\/wp-json\/wp\/v2\/comments?post=32"}],"version-history":[{"count":4,"href":"https:\/\/la-moe.ch\/en\/wp-json\/wp\/v2\/pages\/32\/revisions"}],"predecessor-version":[{"id":391,"href":"https:\/\/la-moe.ch\/en\/wp-json\/wp\/v2\/pages\/32\/revisions\/391"}],"wp:attachment":[{"href":"https:\/\/la-moe.ch\/en\/wp-json\/wp\/v2\/media?parent=32"}],"curies":[{"name":"wp","href":"https:\/\/api.w.org\/{rel}","templated":true}]}}